{"id":26,"date":"2026-01-12T15:13:00","date_gmt":"2026-01-12T15:13:00","guid":{"rendered":"https:\/\/portal.agenciabrasilis.com.br\/home\/"},"modified":"2026-01-12T17:20:40","modified_gmt":"2026-01-12T17:20:40","slug":"home","status":"publish","type":"page","link":"https:\/\/portal.agenciabrasilis.com.br\/","title":{"rendered":"Home"},"content":{"rendered":"\t\t<div data-elementor-type=\"wp-page\" data-elementor-id=\"26\" class=\"elementor elementor-26\" data-elementor-post-type=\"page\">\n\t\t\t\t<div class=\"elementor-element elementor-element-caf5739 e-grid hostinger-ai-hero-5 e-con-boxed e-con e-parent\" data-id=\"caf5739\" data-element_type=\"container\" data-e-type=\"container\" data-settings=\"{&quot;background_background&quot;:&quot;classic&quot;}\">\n\t\t\t\t\t<div class=\"e-con-inner\">\n\t\t<div class=\"elementor-element elementor-element-30c2f12 e-con-full e-flex e-con e-child\" data-id=\"30c2f12\" data-element_type=\"container\" data-e-type=\"container\">\n\t\t\t\t<div class=\"elementor-element elementor-element-b9a39a8 hostinger-ai-title elementor-widget elementor-widget-heading\" data-id=\"b9a39a8\" data-element_type=\"widget\" data-e-type=\"widget\" data-widget_type=\"heading.default\">\n\t\t\t\t\t<h1 class=\"elementor-heading-title elementor-size-default\">Brasil\u00eds Not\u00edcias<\/h1>\t\t\t\t<\/div>\n\t\t\t\t<div class=\"elementor-element elementor-element-0a30690 hostinger-ai-description elementor-widget elementor-widget-text-editor\" data-id=\"0a30690\" data-element_type=\"widget\" data-e-type=\"widget\" data-widget_type=\"text-editor.default\">\n\t\t\t\t\t\t\t\t\t<p>Pol\u00edtica, cultura e atualidades de Salvador e Nordeste.<\/p>\t\t\t\t\t\t\t\t<\/div>\n\t\t\t\t<div class=\"elementor-element elementor-element-d35f96c hostinger-ai-cta-button hostinger-index-0 elementor-mobile-align-center elementor-widget elementor-widget-button\" data-id=\"d35f96c\" data-element_type=\"widget\" data-e-type=\"widget\" data-widget_type=\"button.default\">\n\t\t\t\t\t\t\t\t\t\t<a class=\"elementor-button elementor-button-link elementor-size-sm\" href=\"https:\/\/portal.agenciabrasilis.com.br\/launching-brasilis-noticias-your-trusted-news-source-in-salvador-and-northeast-brazil\/\">\n\t\t\t\t\t\t<span class=\"elementor-button-content-wrapper\">\n\t\t\t\t\t\t\t\t\t<span class=\"elementor-button-text\">Leia mais<\/span>\n\t\t\t\t\t<\/span>\n\t\t\t\t\t<\/a>\n\t\t\t\t\t\t\t\t<\/div>\n\t\t\t\t<\/div>\n\t\t<div class=\"elementor-element elementor-element-8219b52 e-con-full e-flex e-con e-child\" data-id=\"8219b52\" data-element_type=\"container\" data-e-type=\"container\">\n\t\t\t\t<div class=\"elementor-element elementor-element-2b1136a hostinger-ai-image hostinger-index-1 elementor-widget elementor-widget-image\" data-id=\"2b1136a\" data-element_type=\"widget\" data-e-type=\"widget\" data-widget_type=\"image.default\">\n\t\t\t\t\t\t\t\t\t\t\t\t\t\t\t<img fetchpriority=\"high\" decoding=\"async\" width=\"1344\" height=\"768\" src=\"https:\/\/portal.agenciabrasilis.com.br\/wp-content\/uploads\/2026\/01\/Gemini_Generated_Image_w2g92lw2g92lw2g9.png\" class=\"attachment-full size-full wp-image-111\" alt=\"\" srcset=\"https:\/\/portal.agenciabrasilis.com.br\/wp-content\/uploads\/2026\/01\/Gemini_Generated_Image_w2g92lw2g92lw2g9.png 1344w, https:\/\/portal.agenciabrasilis.com.br\/wp-content\/uploads\/2026\/01\/Gemini_Generated_Image_w2g92lw2g92lw2g9-300x171.png 300w, https:\/\/portal.agenciabrasilis.com.br\/wp-content\/uploads\/2026\/01\/Gemini_Generated_Image_w2g92lw2g92lw2g9-1024x585.png 1024w, https:\/\/portal.agenciabrasilis.com.br\/wp-content\/uploads\/2026\/01\/Gemini_Generated_Image_w2g92lw2g92lw2g9-768x439.png 768w\" sizes=\"(max-width: 1344px) 100vw, 1344px\" \/>\t\t\t\t\t\t\t\t\t\t\t\t\t\t\t<\/div>\n\t\t\t\t<\/div>\n\t\t\t\t\t<\/div>\n\t\t\t\t<\/div>\n\t\t<div class=\"elementor-element elementor-element-ba811fa hostinger-ai-our-blog-1 e-flex e-con-boxed e-con e-parent\" data-id=\"ba811fa\" data-element_type=\"container\" data-e-type=\"container\">\n\t\t\t\t\t<div class=\"e-con-inner\">\n\t\t<div class=\"elementor-element elementor-element-a118213 e-con-full e-flex e-con e-child\" data-id=\"a118213\" data-element_type=\"container\" data-e-type=\"container\">\n\t\t\t\t<div class=\"elementor-element elementor-element-7ec273d hostinger-ai-title elementor-widget elementor-widget-heading\" data-id=\"7ec273d\" data-element_type=\"widget\" data-e-type=\"widget\" data-widget_type=\"heading.default\">\n\t\t\t\t\t<h2 class=\"elementor-heading-title elementor-size-default\">\u00daltimas Not\u00edcias<\/h2>\t\t\t\t<\/div>\n\t\t\t\t<\/div>\n\t\t<div class=\"elementor-element elementor-element-e10e199 e-con-full e-flex e-con e-child\" data-id=\"e10e199\" data-element_type=\"container\" data-e-type=\"container\">\n\t\t\t\t<div class=\"elementor-element elementor-element-9efa7fd elementor-grid-4 elementor-grid-tablet-2 elementor-grid-mobile-1 elementor-posts--thumbnail-top elementor-card-shadow-yes elementor-posts__hover-gradient elementor-widget elementor-widget-posts\" data-id=\"9efa7fd\" data-element_type=\"widget\" data-e-type=\"widget\" data-settings=\"{&quot;cards_columns&quot;:&quot;4&quot;,&quot;cards_row_gap&quot;:{&quot;unit&quot;:&quot;px&quot;,&quot;size&quot;:50,&quot;sizes&quot;:[]},&quot;pagination_type&quot;:&quot;load_more_infinite_scroll&quot;,&quot;cards_columns_tablet&quot;:&quot;2&quot;,&quot;cards_columns_mobile&quot;:&quot;1&quot;,&quot;cards_row_gap_tablet&quot;:{&quot;unit&quot;:&quot;px&quot;,&quot;size&quot;:&quot;&quot;,&quot;sizes&quot;:[]},&quot;cards_row_gap_mobile&quot;:{&quot;unit&quot;:&quot;px&quot;,&quot;size&quot;:&quot;&quot;,&quot;sizes&quot;:[]},&quot;load_more_spinner&quot;:{&quot;value&quot;:&quot;fas fa-spinner&quot;,&quot;library&quot;:&quot;fa-solid&quot;}}\" data-widget_type=\"posts.cards\">\n\t\t\t\t<div class=\"elementor-widget-container\">\n\t\t\t\t\t\t\t<div class=\"elementor-posts-container elementor-posts elementor-posts--skin-cards elementor-grid\" role=\"list\">\n\t\t\t\t<article class=\"elementor-post elementor-grid-item post-181 post type-post status-publish format-standard has-post-thumbnail hentry category-entre-linhas\" role=\"listitem\">\n\t\t\t<div class=\"elementor-post__card\">\n\t\t\t\t<a class=\"elementor-post__thumbnail__link\" href=\"https:\/\/portal.agenciabrasilis.com.br\/?p=181\" tabindex=\"-1\" target=\"_blank\"><div class=\"elementor-post__thumbnail\"><img decoding=\"async\" width=\"232\" height=\"130\" src=\"https:\/\/portal.agenciabrasilis.com.br\/wp-content\/uploads\/2026\/01\/transferir.jpg\" class=\"attachment-medium size-medium wp-image-182\" alt=\"\" \/><\/div><\/a>\n\t\t\t\t<div class=\"elementor-post__text\">\n\t\t\t\t<h3 class=\"elementor-post__title\">\n\t\t\t<a href=\"https:\/\/portal.agenciabrasilis.com.br\/?p=181\" target=&quot;_blank&quot;>\n\t\t\t\tBom dia, diz Marcel ao abrir os olhos\t\t\t<\/a>\n\t\t<\/h3>\n\t\t\n\t\t<a class=\"elementor-post__read-more\" href=\"https:\/\/portal.agenciabrasilis.com.br\/?p=181\" aria-label=\"Read more about Bom dia, diz Marcel ao abrir os olhos\" tabindex=\"-1\" target=\"_blank\">\n\t\t\tLeia Mais \u00bb\t\t<\/a>\n\n\t\t\t\t<\/div>\n\t\t\t\t<div class=\"elementor-post__meta-data\">\n\t\t\t\t\t<span class=\"elementor-post-date\">\n\t\t\t01\/12\/2026\t\t<\/span>\n\t\t\t\t<span class=\"elementor-post-time\">\n\t\t\t18:21\t\t<\/span>\n\t\t\t\t<\/div>\n\t\t\t\t\t<\/div>\n\t\t<\/article>\n\t\t\t\t<article class=\"elementor-post elementor-grid-item post-140 post type-post status-publish format-standard has-post-thumbnail hentry category-politica\" role=\"listitem\">\n\t\t\t<div class=\"elementor-post__card\">\n\t\t\t\t<a class=\"elementor-post__thumbnail__link\" href=\"https:\/\/portal.agenciabrasilis.com.br\/?p=140\" tabindex=\"-1\" target=\"_blank\"><div class=\"elementor-post__thumbnail\"><img decoding=\"async\" width=\"300\" height=\"171\" src=\"https:\/\/portal.agenciabrasilis.com.br\/wp-content\/uploads\/2026\/01\/Gemini_Generated_Image_w2g92lw2g92lw2g9-300x171.png\" class=\"attachment-medium size-medium wp-image-111\" alt=\"\" srcset=\"https:\/\/portal.agenciabrasilis.com.br\/wp-content\/uploads\/2026\/01\/Gemini_Generated_Image_w2g92lw2g92lw2g9-300x171.png 300w, https:\/\/portal.agenciabrasilis.com.br\/wp-content\/uploads\/2026\/01\/Gemini_Generated_Image_w2g92lw2g92lw2g9-1024x585.png 1024w, https:\/\/portal.agenciabrasilis.com.br\/wp-content\/uploads\/2026\/01\/Gemini_Generated_Image_w2g92lw2g92lw2g9-768x439.png 768w, https:\/\/portal.agenciabrasilis.com.br\/wp-content\/uploads\/2026\/01\/Gemini_Generated_Image_w2g92lw2g92lw2g9.png 1344w\" sizes=\"(max-width: 300px) 100vw, 300px\" \/><\/div><\/a>\n\t\t\t\t<div class=\"elementor-post__text\">\n\t\t\t\t<h3 class=\"elementor-post__title\">\n\t\t\t<a href=\"https:\/\/portal.agenciabrasilis.com.br\/?p=140\" target=&quot;_blank&quot;>\n\t\t\t\tTeste\t\t\t<\/a>\n\t\t<\/h3>\n\t\t\n\t\t<a class=\"elementor-post__read-more\" href=\"https:\/\/portal.agenciabrasilis.com.br\/?p=140\" aria-label=\"Read more about Teste\" tabindex=\"-1\" target=\"_blank\">\n\t\t\tLeia Mais \u00bb\t\t<\/a>\n\n\t\t\t\t<\/div>\n\t\t\t\t<div class=\"elementor-post__meta-data\">\n\t\t\t\t\t<span class=\"elementor-post-date\">\n\t\t\t01\/12\/2026\t\t<\/span>\n\t\t\t\t<span class=\"elementor-post-time\">\n\t\t\t17:52\t\t<\/span>\n\t\t\t\t<\/div>\n\t\t\t\t\t<\/div>\n\t\t<\/article>\n\t\t\t\t<article class=\"elementor-post elementor-grid-item post-123 post type-post status-publish format-standard hentry category-all\" role=\"listitem\">\n\t\t\t<div class=\"elementor-post__card\">\n\t\t\t\t<div class=\"elementor-post__text\">\n\t\t\t\t<h3 class=\"elementor-post__title\">\n\t\t\t<a href=\"https:\/\/portal.agenciabrasilis.com.br\/?p=123\" target=&quot;_blank&quot;>\n\t\t\t\tTeste\t\t\t<\/a>\n\t\t<\/h3>\n\t\t\n\t\t<a class=\"elementor-post__read-more\" href=\"https:\/\/portal.agenciabrasilis.com.br\/?p=123\" aria-label=\"Read more about Teste\" tabindex=\"-1\" target=\"_blank\">\n\t\t\tLeia Mais \u00bb\t\t<\/a>\n\n\t\t\t\t<\/div>\n\t\t\t\t<div class=\"elementor-post__meta-data\">\n\t\t\t\t\t<span class=\"elementor-post-date\">\n\t\t\t01\/12\/2026\t\t<\/span>\n\t\t\t\t<span class=\"elementor-post-time\">\n\t\t\t17:27\t\t<\/span>\n\t\t\t\t<\/div>\n\t\t\t\t\t<\/div>\n\t\t<\/article>\n\t\t\t\t<article class=\"elementor-post elementor-grid-item post-24 post type-post status-publish format-standard hentry category-all\" role=\"listitem\">\n\t\t\t<div class=\"elementor-post__card\">\n\t\t\t\t<div class=\"elementor-post__text\">\n\t\t\t\t<h3 class=\"elementor-post__title\">\n\t\t\t<a href=\"https:\/\/portal.agenciabrasilis.com.br\/?p=24\" target=&quot;_blank&quot;>\n\t\t\t\tCreating a Professional News Site: Brasilis Not\u00edcias\t\t\t<\/a>\n\t\t<\/h3>\n\t\t\n\t\t<a class=\"elementor-post__read-more\" href=\"https:\/\/portal.agenciabrasilis.com.br\/?p=24\" aria-label=\"Read more about Creating a Professional News Site: Brasilis Not\u00edcias\" tabindex=\"-1\" target=\"_blank\">\n\t\t\tLeia Mais \u00bb\t\t<\/a>\n\n\t\t\t\t<\/div>\n\t\t\t\t<div class=\"elementor-post__meta-data\">\n\t\t\t\t\t<span class=\"elementor-post-date\">\n\t\t\t01\/12\/2026\t\t<\/span>\n\t\t\t\t<span class=\"elementor-post-time\">\n\t\t\t15:12\t\t<\/span>\n\t\t\t\t<\/div>\n\t\t\t\t\t<\/div>\n\t\t<\/article>\n\t\t\t\t<\/div>\n\t\t\t\t\t<span class=\"e-load-more-spinner\">\n\t\t\t\t<svg aria-hidden=\"true\" class=\"e-font-icon-svg e-fas-spinner\" viewBox=\"0 0 512 512\" xmlns=\"http:\/\/www.w3.org\/2000\/svg\"><path d=\"M304 48c0 26.51-21.49 48-48 48s-48-21.49-48-48 21.49-48 48-48 48 21.49 48 48zm-48 368c-26.51 0-48 21.49-48 48s21.49 48 48 48 48-21.49 48-48-21.49-48-48-48zm208-208c-26.51 0-48 21.49-48 48s21.49 48 48 48 48-21.49 48-48-21.49-48-48-48zM96 256c0-26.51-21.49-48-48-48S0 229.49 0 256s21.49 48 48 48 48-21.49 48-48zm12.922 99.078c-26.51 0-48 21.49-48 48s21.49 48 48 48 48-21.49 48-48c0-26.509-21.491-48-48-48zm294.156 0c-26.51 0-48 21.49-48 48s21.49 48 48 48 48-21.49 48-48c0-26.509-21.49-48-48-48zM108.922 60.922c-26.51 0-48 21.49-48 48s21.49 48 48 48 48-21.49 48-48-21.491-48-48-48z\"><\/path><\/svg>\t\t\t<\/span>\n\t\t\n\t\t\t\t<div class=\"e-load-more-anchor\" data-page=\"1\" data-max-page=\"2\" data-next-page=\"https:\/\/portal.agenciabrasilis.com.br\/index.php?rest_route=%2Fwp%2Fv2%2Fpages%2F26&#038;paged=2\"><\/div>\n\t\t\t\t<div class=\"e-load-more-message\"><\/div>\n\t\t\t\t\t\t<\/div>\n\t\t\t\t<\/div>\n\t\t\t\t<\/div>\n\t\t\t\t\t<\/div>\n\t\t\t\t<\/div>\n\t\t<div class=\"elementor-element elementor-element-3168083 e-flex e-con-boxed e-con e-parent\" data-id=\"3168083\" data-element_type=\"container\" data-e-type=\"container\">\n\t\t\t\t\t<div class=\"e-con-inner\">\n\t\t<div class=\"elementor-element elementor-element-4a928a1 e-con-full e-flex e-con e-child\" data-id=\"4a928a1\" data-element_type=\"container\" data-e-type=\"container\">\n\t\t\t\t<div class=\"elementor-element elementor-element-df13938 hostinger-ai-title elementor-widget elementor-widget-heading\" data-id=\"df13938\" data-element_type=\"widget\" data-e-type=\"widget\" data-widget_type=\"heading.default\">\n\t\t\t\t\t<h2 class=\"elementor-heading-title elementor-size-default\">Galeria Fotos<\/h2>\t\t\t\t<\/div>\n\t\t\t\t<\/div>\n\t\t\t\t\t<\/div>\n\t\t\t\t<\/div>\n\t\t<div class=\"elementor-element elementor-element-0951d5d hostinger-ai-about-us-1 e-flex e-con-boxed e-con e-parent\" data-id=\"0951d5d\" data-element_type=\"container\" data-e-type=\"container\">\n\t\t\t\t\t<div class=\"e-con-inner\">\n\t\t<div class=\"elementor-element elementor-element-12883d3 image-row e-con-full e-grid e-con e-child\" data-id=\"12883d3\" data-element_type=\"container\" data-e-type=\"container\">\n\t\t\t\t<div class=\"elementor-element elementor-element-b6f6ff5 hostinger-ai-image hostinger-index-8 elementor-widget elementor-widget-image\" data-id=\"b6f6ff5\" data-element_type=\"widget\" data-e-type=\"widget\" data-widget_type=\"image.default\">\n\t\t\t\t\t\t\t\t\t\t\t\t\t\t\t<img decoding=\"async\" src=\"https:\/\/images.unsplash.com\/photo-1529610763949-df774325b03a?q=85&#038;w=275&#038;h=275&#038;fit=crop\" title=\"\" alt=\"A large group of uniformed individuals is posing in front of a red fire truck with &#039;BOMBEIROS&#039; written on it. They are standing and sitting in formation in front of a historic building, with palm trees adding to the scenery.\" loading=\"lazy\" \/>\t\t\t\t\t\t\t\t\t\t\t\t\t\t\t<\/div>\n\t\t\t\t<div class=\"elementor-element elementor-element-71048c8 hostinger-ai-image hostinger-index-9 elementor-widget elementor-widget-image\" data-id=\"71048c8\" data-element_type=\"widget\" data-e-type=\"widget\" data-widget_type=\"image.default\">\n\t\t\t\t\t\t\t\t\t\t\t\t\t\t\t<img decoding=\"async\" src=\"https:\/\/images.unsplash.com\/photo-1587400563461-653fb6c914c3?q=85&#038;w=275&#038;h=275&#038;fit=crop\" title=\"\" alt=\"A digital screen displaying confirmed case numbers in various Portuguese cities. The cities listed include Porto, Lisboa, Vila Nova de Gaia, among others, each with different numerical values. The text is in a combination of light and dark colors on a dark background.\" loading=\"lazy\" \/>\t\t\t\t\t\t\t\t\t\t\t\t\t\t\t<\/div>\n\t\t\t\t<div class=\"elementor-element elementor-element-2931984 hostinger-ai-image hostinger-index-10 elementor-widget elementor-widget-image\" data-id=\"2931984\" data-element_type=\"widget\" data-e-type=\"widget\" data-widget_type=\"image.default\">\n\t\t\t\t\t\t\t\t\t\t\t\t\t\t\t<img decoding=\"async\" src=\"https:\/\/images.unsplash.com\/photo-1691166880774-61b9d6bf3c9e?q=85&#038;w=275&#038;h=275&#038;fit=crop\" title=\"\" alt=\"A colorful wooden sign with messages in Portuguese stands against the backdrop of the ocean, while a person with long hair takes a photo with a smartphone.\" loading=\"lazy\" \/>\t\t\t\t\t\t\t\t\t\t\t\t\t\t\t<\/div>\n\t\t\t\t<div class=\"elementor-element elementor-element-235f87c hostinger-ai-image hostinger-index-11 elementor-widget elementor-widget-image\" data-id=\"235f87c\" data-element_type=\"widget\" data-e-type=\"widget\" data-widget_type=\"image.default\">\n\t\t\t\t\t\t\t\t\t\t\t\t\t\t\t<img decoding=\"async\" src=\"https:\/\/images.unsplash.com\/photo-1490818724426-5e2a76b36a28?q=85&#038;w=275&#038;h=275&#038;fit=crop\" title=\"\" alt=\"A white, ornate historic building with classical architectural features such as columns and decorative sculptures is prominently displayed. In front of the building, a colorful structure spelling out &#039;SALVADOR&#039; is positioned, featuring vivid, abstract designs and the Rio 2016 Olympics logo. The sky is clear with some scattered clouds.\" loading=\"lazy\" \/>\t\t\t\t\t\t\t\t\t\t\t\t\t\t\t<\/div>\n\t\t\t\t<div class=\"elementor-element elementor-element-88673b9 hostinger-ai-image hostinger-index-12 elementor-widget elementor-widget-image\" data-id=\"88673b9\" data-element_type=\"widget\" data-e-type=\"widget\" data-widget_type=\"image.default\">\n\t\t\t\t\t\t\t\t\t\t\t\t\t\t\t<img decoding=\"async\" src=\"https:\/\/images.unsplash.com\/photo-1568577068303-3ccfdc732a9b?q=85&#038;w=275&#038;h=275&#038;fit=crop\" title=\"\" alt=\"A music concert stage is brightly lit with blue and white spotlights, featuring a person holding a large Brazilian flag at the center. The event appears festive, with visible audience members in the foreground and large screens flanking the stage.\" loading=\"lazy\" \/>\t\t\t\t\t\t\t\t\t\t\t\t\t\t\t<\/div>\n\t\t\t\t<div class=\"elementor-element elementor-element-dbf7968 hostinger-ai-image hostinger-index-13 elementor-widget elementor-widget-image\" data-id=\"dbf7968\" data-element_type=\"widget\" data-e-type=\"widget\" data-widget_type=\"image.default\">\n\t\t\t\t\t\t\t\t\t\t\t\t\t\t\t<img decoding=\"async\" src=\"https:\/\/images.unsplash.com\/photo-1549927969-d928a1d27523?q=85&#038;w=275&#038;h=275&#038;fit=crop\" title=\"\" alt=\"A Brazilian flag waves prominently on a flagpole, set against a clear blue sky. Below the flag are several palm trees with lush green fronds.\" loading=\"lazy\" \/>\t\t\t\t\t\t\t\t\t\t\t\t\t\t\t<\/div>\n\t\t\t\t<div class=\"elementor-element elementor-element-8b5643e hostinger-ai-image hostinger-index-14 elementor-widget elementor-widget-image\" data-id=\"8b5643e\" data-element_type=\"widget\" data-e-type=\"widget\" data-widget_type=\"image.default\">\n\t\t\t\t\t\t\t\t\t\t\t\t\t\t\t<img decoding=\"async\" src=\"https:\/\/images.unsplash.com\/photo-1568577068303-3ccfdc732a9b?q=85&#038;w=275&#038;h=275&#038;fit=crop\" title=\"\" alt=\"A music concert stage is brightly lit with blue and white spotlights, featuring a person holding a large Brazilian flag at the center. The event appears festive, with visible audience members in the foreground and large screens flanking the stage.\" loading=\"lazy\" \/>\t\t\t\t\t\t\t\t\t\t\t\t\t\t\t<\/div>\n\t\t\t\t<div class=\"elementor-element elementor-element-ea2428c hostinger-ai-image hostinger-index-15 elementor-widget elementor-widget-image\" data-id=\"ea2428c\" data-element_type=\"widget\" data-e-type=\"widget\" data-widget_type=\"image.default\">\n\t\t\t\t\t\t\t\t\t\t\t\t\t\t\t<img decoding=\"async\" src=\"https:\/\/images.unsplash.com\/photo-1662485732745-5a841bfe7f65?q=85&#038;w=275&#038;h=275&#038;fit=crop\" title=\"\" alt=\"A close-up of a newspaper page with a prominent headline. The text is printed in black and white, and the layout includes columns of articles and an image depicting a person and a public scene. The newspaper appears slightly tilted.\" loading=\"lazy\" \/>\t\t\t\t\t\t\t\t\t\t\t\t\t\t\t<\/div>\n\t\t\t\t<\/div>\n\t\t\t\t\t<\/div>\n\t\t\t\t<\/div>\n\t\t<div class=\"elementor-element elementor-element-3e698ec e-flex e-con-boxed e-con e-parent\" data-id=\"3e698ec\" data-element_type=\"container\" data-e-type=\"container\">\n\t\t\t\t\t<div class=\"e-con-inner\">\n\t\t<div class=\"elementor-element elementor-element-7839210 e-grid hostinger-ai-about-us-1 e-con-full e-con e-child\" data-id=\"7839210\" data-element_type=\"container\" data-e-type=\"container\">\n\t\t<div class=\"elementor-element elementor-element-ad9a1d9 e-con-full e-flex e-con e-child\" data-id=\"ad9a1d9\" data-element_type=\"container\" data-e-type=\"container\">\n\t\t\t\t<div class=\"elementor-element elementor-element-95333c8 hostinger-ai-title elementor-widget elementor-widget-heading\" data-id=\"95333c8\" data-element_type=\"widget\" data-e-type=\"widget\" data-widget_type=\"heading.default\">\n\t\t\t\t\t<h2 class=\"elementor-heading-title elementor-size-default\">Sobre a  Brasilis<\/h2>\t\t\t\t<\/div>\n\t\t\t\t<\/div>\n\t\t<div class=\"elementor-element elementor-element-9b44d94 e-con-full e-flex e-con e-child\" data-id=\"9b44d94\" data-element_type=\"container\" data-e-type=\"container\">\n\t\t\t\t<div class=\"elementor-element elementor-element-efef01c hostinger-ai-description elementor-widget elementor-widget-text-editor\" data-id=\"efef01c\" data-element_type=\"widget\" data-e-type=\"widget\" data-widget_type=\"text-editor.default\">\n\t\t\t\t\t\t\t\t\tYour trusted source for Salvador and Northeast Brazil news, politics, and culture.\t\t\t\t\t\t\t\t<\/div>\n\t\t\t\t<\/div>\n\t\t\t\t<\/div>\n\t\t<div class=\"elementor-element elementor-element-f218336 e-grid e-con-full e-con e-child\" data-id=\"f218336\" data-element_type=\"container\" data-e-type=\"container\">\n\t\t\t\t<div class=\"elementor-element elementor-element-73cb77b hostinger-ai-image hostinger-index-6 elementor-widget elementor-widget-image\" data-id=\"73cb77b\" data-element_type=\"widget\" data-e-type=\"widget\" data-widget_type=\"image.default\">\n\t\t\t\t\t\t\t\t\t\t\t\t\t\t\t<img decoding=\"async\" src=\"https:\/\/images.unsplash.com\/photo-1635305291601-68ba2fd625d8?q=85&#038;w=350&#038;h=300&#038;fit=crop\" title=\"\" alt=\"A tall obelisk-like monument is seen in the background, surrounded by urban buildings and foliage. There is a busy multi-lane road with several cars in the foreground. A traffic sign in Portuguese is visible, indicating directions and conditions for drivers.\" loading=\"lazy\" \/>\t\t\t\t\t\t\t\t\t\t\t\t\t\t\t<\/div>\n\t\t\t\t<div class=\"elementor-element elementor-element-c78cdc7 hostinger-ai-image hostinger-index-7 elementor-widget elementor-widget-image\" data-id=\"c78cdc7\" data-element_type=\"widget\" data-e-type=\"widget\" data-widget_type=\"image.default\">\n\t\t\t\t\t\t\t\t\t\t\t\t\t\t\t<img decoding=\"async\" src=\"https:\/\/images.unsplash.com\/photo-1624269305548-1527ef905ff6?q=85&#038;w=750&#038;h=300&#038;fit=crop\" title=\"\" alt=\"A section of a newspaper is placed over an open magazine. The newspaper displays a headline about the distribution of ex gratia finance and includes several smaller images and text flags. The magazine features articles and highlights, including historical and political content, with images and diagrams accompanying the text. The overall composition suggests a mix of current news and historical retrospectives.\" loading=\"lazy\" \/>\t\t\t\t\t\t\t\t\t\t\t\t\t\t\t<\/div>\n\t\t\t\t<\/div>\n\t\t\t\t\t<\/div>\n\t\t\t\t<\/div>\n\t\t<div class=\"elementor-element elementor-element-65a4741 hostinger-ai-customer-reviews-5 e-grid e-con-boxed e-con e-parent\" data-id=\"65a4741\" data-element_type=\"container\" data-e-type=\"container\" data-settings=\"{&quot;background_background&quot;:&quot;classic&quot;}\">\n\t\t\t\t\t<div class=\"e-con-inner\">\n\t\t<div class=\"elementor-element elementor-element-56e35bb e-con-full e-flex e-con e-child\" data-id=\"56e35bb\" data-element_type=\"container\" data-e-type=\"container\">\n\t\t<div class=\"elementor-element elementor-element-a0c8192 e-con-full e-flex e-con e-child\" data-id=\"a0c8192\" data-element_type=\"container\" data-e-type=\"container\">\n\t\t\t\t<div class=\"elementor-element elementor-element-839972e hostinger-ai-subtitle elementor-widget elementor-widget-heading\" data-id=\"839972e\" data-element_type=\"widget\" data-e-type=\"widget\" data-widget_type=\"heading.default\">\n\t\t\t\t\t<p class=\"elementor-heading-title elementor-size-default\">Readers' Voices<\/p>\t\t\t\t<\/div>\n\t\t\t\t<\/div>\n\t\t<div class=\"elementor-element elementor-element-90f8616 e-con-full e-flex e-con e-child\" data-id=\"90f8616\" data-element_type=\"container\" data-e-type=\"container\">\n\t\t\t\t<div class=\"elementor-element elementor-element-2ca7007 hostinger-ai-testimonial-text hostinger-ai-font-bold hostinger-index-2 elementor-widget elementor-widget-heading\" data-id=\"2ca7007\" data-element_type=\"widget\" data-e-type=\"widget\" data-widget_type=\"heading.default\">\n\t\t\t\t\t<p class=\"elementor-heading-title elementor-size-default\">Brasil\u00eds keeps me informed with clear, trustworthy news about Salvador and the Nordeste every day.<\/p>\t\t\t\t<\/div>\n\t\t\t\t<\/div>\n\t\t\t\t<\/div>\n\t\t\t\t\t<\/div>\n\t\t\t\t<\/div>\n\t\t\t\t<\/div>\n\t\t","protected":false},"excerpt":{"rendered":"<p>Brasil\u00eds Not\u00edcias Pol\u00edtica, cultura e atualidades de Salvador e Nordeste. Leia mais \u00daltimas Not\u00edcias Galeria Fotos Sobre a Brasilis Your trusted source for Salvador and Northeast Brazil news, politics,<\/p>\n","protected":false},"author":1,"featured_media":0,"parent":0,"menu_order":0,"comment_status":"closed","ping_status":"closed","template":"","meta":{"footnotes":""},"class_list":["post-26","page","type-page","status-publish","hentry"],"_hostinger_reach_plugin_has_subscription_block":false,"_hostinger_reach_plugin_is_elementor":false,"_links":{"self":[{"href":"https:\/\/portal.agenciabrasilis.com.br\/index.php?rest_route=\/wp\/v2\/pages\/26","targetHints":{"allow":["GET"]}}],"collection":[{"href":"https:\/\/portal.agenciabrasilis.com.br\/index.php?rest_route=\/wp\/v2\/pages"}],"about":[{"href":"https:\/\/portal.agenciabrasilis.com.br\/index.php?rest_route=\/wp\/v2\/types\/page"}],"author":[{"embeddable":true,"href":"https:\/\/portal.agenciabrasilis.com.br\/index.php?rest_route=\/wp\/v2\/users\/1"}],"replies":[{"embeddable":true,"href":"https:\/\/portal.agenciabrasilis.com.br\/index.php?rest_route=%2Fwp%2Fv2%2Fcomments&post=26"}],"version-history":[{"count":21,"href":"https:\/\/portal.agenciabrasilis.com.br\/index.php?rest_route=\/wp\/v2\/pages\/26\/revisions"}],"predecessor-version":[{"id":120,"href":"https:\/\/portal.agenciabrasilis.com.br\/index.php?rest_route=\/wp\/v2\/pages\/26\/revisions\/120"}],"wp:attachment":[{"href":"https:\/\/portal.agenciabrasilis.com.br\/index.php?rest_route=%2Fwp%2Fv2%2Fmedia&parent=26"}],"curies":[{"name":"wp","href":"https:\/\/api.w.org\/{rel}","templated":true}]}}